{"id":168,"date":"2019-12-28T14:15:39","date_gmt":"2019-12-28T14:15:39","guid":{"rendered":"https:\/\/new.hwn-heizung-sanitaer.de\/?page_id=168"},"modified":"2020-01-13T20:26:55","modified_gmt":"2020-01-13T20:26:55","slug":"referenzen","status":"publish","type":"page","link":"https:\/\/hwn-heizung-sanitaer.de\/index.php\/referenzen\/","title":{"rendered":"Referenzen"},"content":{"rendered":"<h5>Objekte und Baustellen<\/h5>\n<p>&nbsp;<\/p>\n<table class=\" aligncenter\" style=\"height: 350px; width: 86.6782%;\">\n<tbody>\n<tr>\n<td style=\"width: 43.9364%;\">\u00a0 \u00a0 \u00a0 \u00a0 \u00a0 \u00a0 \u00a0 \u00a0<\/p>\n<p><a href=\"https:\/\/hwn-heizung-sanitaer.de\/wp-content\/uploads\/2019\/12\/BILD0181-4.jpg\" data-rel=\"lightbox-gallery-EyYterPG\" data-rl_title=\"\" data-rl_caption=\"\" title=\"\"><img loading=\"lazy\" decoding=\"async\" class=\"aligncenter wp-image-145 size-medium\" src=\"https:\/\/hwn-heizung-sanitaer.de\/wp-content\/uploads\/2019\/12\/BILD0181-4-225x300.jpg\" alt=\"Supra\" width=\"225\" height=\"300\" srcset=\"https:\/\/hwn-heizung-sanitaer.de\/wp-content\/uploads\/2019\/12\/BILD0181-4-225x300.jpg 225w, https:\/\/hwn-heizung-sanitaer.de\/wp-content\/uploads\/2019\/12\/BILD0181-4.jpg 360w\" sizes=\"auto, (max-width: 225px) 100vw, 225px\" \/><\/a><\/p>\n<\/td>\n<td style=\"width: 55.7654%;\">\n<p>&nbsp;<\/p>\n<p>&nbsp;<\/p>\n<p>\u00d6l-und Gasfeuerung \u00fcber Sanit\u00e4r, Trinkwasserversorgung, Baderneuerung, Badm\u00f6bel, Gasversorgung, Whirlpoolanlagen.<\/p>\n<p>&nbsp;<\/p>\n<\/td>\n<\/tr>\n<\/tbody>\n<\/table>\n<hr \/>\n<table class=\" aligncenter\" style=\"width: 87.5862%; border-collapse: collapse;\">\n<tbody>\n<tr>\n<td style=\"width: 49.8276%;\">\n<p>Geothermie, Brennwerttechnik, Heizkesselerneuerung, Solaranlage, W\u00e4rmepumpenanlagen, Pelletkessel, Heizk\u00f6rper, Fu\u00dfbodenheizung<\/p>\n<\/td>\n<td style=\"width: 37.0508%;\">\n<p><a href=\"https:\/\/hwn-heizung-sanitaer.de\/wp-content\/uploads\/2019\/12\/PICT0112.jpg\" data-rel=\"lightbox-gallery-EyYterPG\" data-rl_title=\"\" data-rl_caption=\"\" title=\"\"><img loading=\"lazy\" decoding=\"async\" class=\"aligncenter wp-image-161 size-medium\" src=\"https:\/\/hwn-heizung-sanitaer.de\/wp-content\/uploads\/2019\/12\/PICT0112-300x225.jpg\" alt=\"\" width=\"300\" height=\"225\" srcset=\"https:\/\/hwn-heizung-sanitaer.de\/wp-content\/uploads\/2019\/12\/PICT0112-300x225.jpg 300w, https:\/\/hwn-heizung-sanitaer.de\/wp-content\/uploads\/2019\/12\/PICT0112-1024x768.jpg 1024w, https:\/\/hwn-heizung-sanitaer.de\/wp-content\/uploads\/2019\/12\/PICT0112-768x576.jpg 768w, https:\/\/hwn-heizung-sanitaer.de\/wp-content\/uploads\/2019\/12\/PICT0112.jpg 1200w\" sizes=\"auto, (max-width: 300px) 100vw, 300px\" \/><\/a><\/p>\n<\/td>\n<\/tr>\n<\/tbody>\n<\/table>\n<hr \/>\n<p>&nbsp;<\/p>\n<div class=\"rl-gallery-container rl-loading\" id=\"rl-gallery-container-1\" data-gallery_id=\"143\"> <div class=\"rl-gallery rl-basicgrid-gallery \" id=\"rl-gallery-1\" data-gallery_no=\"1\"> <div class=\"rl-gallery-item\"><a href=\"https:\/\/hwn-heizung-sanitaer.de\/wp-content\/uploads\/2019\/12\/bad.jpg\" title=\"\" data-rl_title=\"\" class=\"rl-gallery-link\" data-rl_caption=\"\" data-rel=\"lightbox-gallery-1\"><img loading=\"lazy\" decoding=\"async\" src=\"https:\/\/hwn-heizung-sanitaer.de\/wp-content\/uploads\/2019\/12\/bad-300x225.jpg\" width=\"300\" height=\"225\" alt=\"\" \/><\/a><\/div><div class=\"rl-gallery-item\"><a href=\"https:\/\/hwn-heizung-sanitaer.de\/wp-content\/uploads\/2019\/12\/BILD0181-4.jpg\" title=\"\" data-rl_title=\"\" class=\"rl-gallery-link\" data-rl_caption=\"\" data-rel=\"lightbox-gallery-1\"><img loading=\"lazy\" decoding=\"async\" src=\"https:\/\/hwn-heizung-sanitaer.de\/wp-content\/uploads\/2019\/12\/BILD0181-4-225x300.jpg\" width=\"225\" height=\"300\" alt=\"Supra\" \/><\/a><\/div><div class=\"rl-gallery-item\"><a href=\"https:\/\/hwn-heizung-sanitaer.de\/wp-content\/uploads\/2019\/12\/BILD0188-3.jpg\" title=\"\" data-rl_title=\"\" class=\"rl-gallery-link\" data-rl_caption=\"\" data-rel=\"lightbox-gallery-1\"><img loading=\"lazy\" decoding=\"async\" src=\"https:\/\/hwn-heizung-sanitaer.de\/wp-content\/uploads\/2019\/12\/BILD0188-3-225x300.jpg\" width=\"225\" height=\"300\" alt=\"\" \/><\/a><\/div><div class=\"rl-gallery-item\"><a href=\"https:\/\/hwn-heizung-sanitaer.de\/wp-content\/uploads\/2019\/12\/DSC00584.jpg\" title=\"\" data-rl_title=\"\" class=\"rl-gallery-link\" data-rl_caption=\"\" data-rel=\"lightbox-gallery-1\"><img loading=\"lazy\" decoding=\"async\" src=\"https:\/\/hwn-heizung-sanitaer.de\/wp-content\/uploads\/2019\/12\/DSC00584-200x300.jpg\" width=\"200\" height=\"300\" alt=\"\" \/><\/a><\/div><div class=\"rl-gallery-item\"><a href=\"https:\/\/hwn-heizung-sanitaer.de\/wp-content\/uploads\/2019\/12\/dsc01374.jpg\" title=\"\" data-rl_title=\"\" class=\"rl-gallery-link\" data-rl_caption=\"\" data-rel=\"lightbox-gallery-1\"><img loading=\"lazy\" decoding=\"async\" src=\"https:\/\/hwn-heizung-sanitaer.de\/wp-content\/uploads\/2019\/12\/dsc01374-200x300.jpg\" width=\"200\" height=\"300\" alt=\"\" \/><\/a><\/div><div class=\"rl-gallery-item\"><a href=\"https:\/\/hwn-heizung-sanitaer.de\/wp-content\/uploads\/2019\/12\/DSC01393.jpg\" title=\"\" data-rl_title=\"\" class=\"rl-gallery-link\" data-rl_caption=\"\" data-rel=\"lightbox-gallery-1\"><img loading=\"lazy\" decoding=\"async\" src=\"https:\/\/hwn-heizung-sanitaer.de\/wp-content\/uploads\/2019\/12\/DSC01393-200x300.jpg\" width=\"200\" height=\"300\" alt=\"\" \/><\/a><\/div><div class=\"rl-gallery-item\"><a href=\"https:\/\/hwn-heizung-sanitaer.de\/wp-content\/uploads\/2019\/12\/PICT0065.jpg\" title=\"\" data-rl_title=\"\" class=\"rl-gallery-link\" data-rl_caption=\"\" data-rel=\"lightbox-gallery-1\"><img loading=\"lazy\" decoding=\"async\" src=\"https:\/\/hwn-heizung-sanitaer.de\/wp-content\/uploads\/2019\/12\/PICT0065-300x225.jpg\" width=\"300\" height=\"225\" alt=\"\" \/><\/a><\/div><div class=\"rl-gallery-item\"><a href=\"https:\/\/hwn-heizung-sanitaer.de\/wp-content\/uploads\/2019\/12\/PICT0067.jpg\" title=\"\" data-rl_title=\"\" class=\"rl-gallery-link\" data-rl_caption=\"\" data-rel=\"lightbox-gallery-1\"><img loading=\"lazy\" decoding=\"async\" src=\"https:\/\/hwn-heizung-sanitaer.de\/wp-content\/uploads\/2019\/12\/PICT0067-225x300.jpg\" width=\"225\" height=\"300\" alt=\"\" \/><\/a><\/div><div class=\"rl-gallery-item\"><a href=\"https:\/\/hwn-heizung-sanitaer.de\/wp-content\/uploads\/2019\/12\/PICT0069.jpg\" title=\"\" data-rl_title=\"\" class=\"rl-gallery-link\" data-rl_caption=\"\" data-rel=\"lightbox-gallery-1\"><img loading=\"lazy\" decoding=\"async\" src=\"https:\/\/hwn-heizung-sanitaer.de\/wp-content\/uploads\/2019\/12\/PICT0069-300x225.jpg\" width=\"300\" height=\"225\" alt=\"\" \/><\/a><\/div><div class=\"rl-gallery-item\"><a href=\"https:\/\/hwn-heizung-sanitaer.de\/wp-content\/uploads\/2019\/12\/PICT0070.jpg\" title=\"\" data-rl_title=\"\" class=\"rl-gallery-link\" data-rl_caption=\"\" data-rel=\"lightbox-gallery-1\"><img loading=\"lazy\" decoding=\"async\" src=\"https:\/\/hwn-heizung-sanitaer.de\/wp-content\/uploads\/2019\/12\/PICT0070-300x225.jpg\" width=\"300\" height=\"225\" alt=\"\" \/><\/a><\/div><div class=\"rl-gallery-item\"><a href=\"https:\/\/hwn-heizung-sanitaer.de\/wp-content\/uploads\/2019\/12\/PICT0074.jpg\" title=\"\" data-rl_title=\"\" class=\"rl-gallery-link\" data-rl_caption=\"\" data-rel=\"lightbox-gallery-1\"><img loading=\"lazy\" decoding=\"async\" src=\"https:\/\/hwn-heizung-sanitaer.de\/wp-content\/uploads\/2019\/12\/PICT0074-300x225.jpg\" width=\"300\" height=\"225\" alt=\"\" \/><\/a><\/div><div class=\"rl-gallery-item\"><a href=\"https:\/\/hwn-heizung-sanitaer.de\/wp-content\/uploads\/2019\/12\/PICT0075.jpg\" title=\"\" data-rl_title=\"\" class=\"rl-gallery-link\" data-rl_caption=\"\" data-rel=\"lightbox-gallery-1\"><img loading=\"lazy\" decoding=\"async\" src=\"https:\/\/hwn-heizung-sanitaer.de\/wp-content\/uploads\/2019\/12\/PICT0075-225x300.jpg\" width=\"225\" height=\"300\" alt=\"\" \/><\/a><\/div><div class=\"rl-gallery-item\"><a href=\"https:\/\/hwn-heizung-sanitaer.de\/wp-content\/uploads\/2019\/12\/PICT0077.jpg\" title=\"\" data-rl_title=\"\" class=\"rl-gallery-link\" data-rl_caption=\"\" data-rel=\"lightbox-gallery-1\"><img loading=\"lazy\" decoding=\"async\" src=\"https:\/\/hwn-heizung-sanitaer.de\/wp-content\/uploads\/2019\/12\/PICT0077-300x225.jpg\" width=\"300\" height=\"225\" alt=\"\" \/><\/a><\/div><div class=\"rl-gallery-item\"><a href=\"https:\/\/hwn-heizung-sanitaer.de\/wp-content\/uploads\/2019\/12\/PICT0080.jpg\" title=\"\" data-rl_title=\"\" class=\"rl-gallery-link\" data-rl_caption=\"\" data-rel=\"lightbox-gallery-1\"><img loading=\"lazy\" decoding=\"async\" src=\"https:\/\/hwn-heizung-sanitaer.de\/wp-content\/uploads\/2019\/12\/PICT0080-300x225.jpg\" width=\"300\" height=\"225\" alt=\"\" \/><\/a><\/div><div class=\"rl-gallery-item\"><a href=\"https:\/\/hwn-heizung-sanitaer.de\/wp-content\/uploads\/2019\/12\/PICT0108.jpg\" title=\"\" data-rl_title=\"\" class=\"rl-gallery-link\" data-rl_caption=\"\" data-rel=\"lightbox-gallery-1\"><img loading=\"lazy\" decoding=\"async\" src=\"https:\/\/hwn-heizung-sanitaer.de\/wp-content\/uploads\/2019\/12\/PICT0108-300x225.jpg\" width=\"300\" height=\"225\" alt=\"\" \/><\/a><\/div><div class=\"rl-gallery-item\"><a href=\"https:\/\/hwn-heizung-sanitaer.de\/wp-content\/uploads\/2019\/12\/PICT0110.jpg\" title=\"\" data-rl_title=\"\" class=\"rl-gallery-link\" data-rl_caption=\"\" data-rel=\"lightbox-gallery-1\"><img loading=\"lazy\" decoding=\"async\" src=\"https:\/\/hwn-heizung-sanitaer.de\/wp-content\/uploads\/2019\/12\/PICT0110-300x225.jpg\" width=\"300\" height=\"225\" alt=\"\" \/><\/a><\/div><div class=\"rl-gallery-item\"><a href=\"https:\/\/hwn-heizung-sanitaer.de\/wp-content\/uploads\/2019\/12\/PICT0111.jpg\" title=\"\" data-rl_title=\"\" class=\"rl-gallery-link\" data-rl_caption=\"\" data-rel=\"lightbox-gallery-1\"><img loading=\"lazy\" decoding=\"async\" src=\"https:\/\/hwn-heizung-sanitaer.de\/wp-content\/uploads\/2019\/12\/PICT0111-300x225.jpg\" width=\"300\" height=\"225\" alt=\"\" \/><\/a><\/div><div class=\"rl-gallery-item\"><a href=\"https:\/\/hwn-heizung-sanitaer.de\/wp-content\/uploads\/2019\/12\/PICT0112.jpg\" title=\"\" data-rl_title=\"\" class=\"rl-gallery-link\" data-rl_caption=\"\" data-rel=\"lightbox-gallery-1\"><img loading=\"lazy\" decoding=\"async\" src=\"https:\/\/hwn-heizung-sanitaer.de\/wp-content\/uploads\/2019\/12\/PICT0112-300x225.jpg\" width=\"300\" height=\"225\" alt=\"\" \/><\/a><\/div><div class=\"rl-gallery-item\"><a href=\"https:\/\/hwn-heizung-sanitaer.de\/wp-content\/uploads\/2019\/12\/PICT0113.jpg\" title=\"\" data-rl_title=\"\" class=\"rl-gallery-link\" data-rl_caption=\"\" data-rel=\"lightbox-gallery-1\"><img loading=\"lazy\" decoding=\"async\" src=\"https:\/\/hwn-heizung-sanitaer.de\/wp-content\/uploads\/2019\/12\/PICT0113-300x225.jpg\" width=\"300\" height=\"225\" alt=\"\" \/><\/a><\/div><div class=\"rl-gallery-item\"><a href=\"https:\/\/hwn-heizung-sanitaer.de\/wp-content\/uploads\/2019\/12\/PICT0115.jpg\" title=\"\" data-rl_title=\"\" class=\"rl-gallery-link\" data-rl_caption=\"\" data-rel=\"lightbox-gallery-1\"><img loading=\"lazy\" decoding=\"async\" src=\"https:\/\/hwn-heizung-sanitaer.de\/wp-content\/uploads\/2019\/12\/PICT0115-300x225.jpg\" width=\"300\" height=\"225\" alt=\"\" \/><\/a><\/div><div class=\"rl-gallery-item\"><a href=\"https:\/\/hwn-heizung-sanitaer.de\/wp-content\/uploads\/2019\/12\/PICT0120.jpg\" title=\"\" data-rl_title=\"\" class=\"rl-gallery-link\" data-rl_caption=\"\" data-rel=\"lightbox-gallery-1\"><img loading=\"lazy\" decoding=\"async\" src=\"https:\/\/hwn-heizung-sanitaer.de\/wp-content\/uploads\/2019\/12\/PICT0120-225x300.jpg\" width=\"225\" height=\"300\" alt=\"\" \/><\/a><\/div><div class=\"rl-gallery-item\"><a href=\"https:\/\/hwn-heizung-sanitaer.de\/wp-content\/uploads\/2019\/12\/PICT0122.jpg\" title=\"\" data-rl_title=\"\" class=\"rl-gallery-link\" data-rl_caption=\"\" data-rel=\"lightbox-gallery-1\"><img loading=\"lazy\" decoding=\"async\" src=\"https:\/\/hwn-heizung-sanitaer.de\/wp-content\/uploads\/2019\/12\/PICT0122-300x225.jpg\" width=\"300\" height=\"225\" alt=\"\" \/><\/a><\/div><div class=\"rl-gallery-item\"><a href=\"https:\/\/hwn-heizung-sanitaer.de\/wp-content\/uploads\/2019\/12\/PICT0125.jpg\" title=\"\" data-rl_title=\"\" class=\"rl-gallery-link\" data-rl_caption=\"\" data-rel=\"lightbox-gallery-1\"><img loading=\"lazy\" decoding=\"async\" src=\"https:\/\/hwn-heizung-sanitaer.de\/wp-content\/uploads\/2019\/12\/PICT0125-225x300.jpg\" width=\"225\" height=\"300\" alt=\"\" \/><\/a><\/div><div class=\"rl-gallery-item\"><a href=\"https:\/\/hwn-heizung-sanitaer.de\/wp-content\/uploads\/2019\/12\/PICT0126.jpg\" title=\"\" data-rl_title=\"\" class=\"rl-gallery-link\" data-rl_caption=\"\" data-rel=\"lightbox-gallery-1\"><img loading=\"lazy\" decoding=\"async\" src=\"https:\/\/hwn-heizung-sanitaer.de\/wp-content\/uploads\/2019\/12\/PICT0126-300x225.jpg\" width=\"300\" height=\"225\" alt=\"\" \/><\/a><\/div> <\/div> <\/div>\n","protected":false},"excerpt":{"rendered":"<p>Objekte und Baustellen &nbsp; \u00a0 \u00a0 \u00a0 \u00a0 \u00a0 \u00a0 \u00a0 \u00a0 &nbsp; &nbsp; \u00d6l-und Gasfeuerung \u00fcber Sanit\u00e4r, Trinkwasserversorgung, Baderneuerung, Badm\u00f6bel, Gasversorgung, Whirlpoolanlagen. &nbsp; Geothermie, Brennwerttechnik, Heizkesselerneuerung, Solaranlage, W\u00e4rmepumpenanlagen, Pelletkessel, Heizk\u00f6rper, Fu\u00dfbodenheizung &nbsp;<\/p>\n","protected":false},"author":1,"featured_media":0,"parent":0,"menu_order":0,"comment_status":"closed","ping_status":"closed","template":"","meta":{"footnotes":""},"class_list":["post-168","page","type-page","status-publish","hentry"],"jetpack_sharing_enabled":true,"_links":{"self":[{"href":"https:\/\/hwn-heizung-sanitaer.de\/index.php\/wp-json\/wp\/v2\/pages\/168","targetHints":{"allow":["GET"]}}],"collection":[{"href":"https:\/\/hwn-heizung-sanitaer.de\/index.php\/wp-json\/wp\/v2\/pages"}],"about":[{"href":"https:\/\/hwn-heizung-sanitaer.de\/index.php\/wp-json\/wp\/v2\/types\/page"}],"author":[{"embeddable":true,"href":"https:\/\/hwn-heizung-sanitaer.de\/index.php\/wp-json\/wp\/v2\/users\/1"}],"replies":[{"embeddable":true,"href":"https:\/\/hwn-heizung-sanitaer.de\/index.php\/wp-json\/wp\/v2\/comments?post=168"}],"version-history":[{"count":29,"href":"https:\/\/hwn-heizung-sanitaer.de\/index.php\/wp-json\/wp\/v2\/pages\/168\/revisions"}],"predecessor-version":[{"id":239,"href":"https:\/\/hwn-heizung-sanitaer.de\/index.php\/wp-json\/wp\/v2\/pages\/168\/revisions\/239"}],"wp:attachment":[{"href":"https:\/\/hwn-heizung-sanitaer.de\/index.php\/wp-json\/wp\/v2\/media?parent=168"}],"curies":[{"name":"wp","href":"https:\/\/api.w.org\/{rel}","templated":true}]}}