{"id":39,"date":"2013-01-15T11:44:13","date_gmt":"2013-01-15T11:44:13","guid":{"rendered":"https:\/\/new.hwn-heizung-sanitaer.de\/?page_id=39"},"modified":"2020-01-12T00:08:58","modified_gmt":"2020-01-12T00:08:58","slug":"unsere-leistungen","status":"publish","type":"page","link":"https:\/\/hwn-heizung-sanitaer.de\/index.php\/unsere-leistungen\/","title":{"rendered":"Unsere Leistungen"},"content":{"rendered":"<hr \/>\n<table style=\"width: 100%; border-collapse: collapse;\">\n<tbody>\n<tr>\n<td style=\"width: 54.82%;\">\n<h5 style=\"text-align: center;\">BMK St\u00fcckholzkessel 30 KW<\/h5>\n<\/td>\n<td style=\"width: 45.17%;\"><\/td>\n<\/tr>\n<tr>\n<td style=\"width: 54.82%; text-align: center;\"><a href=\"https:\/\/hwn-heizung-sanitaer.de\/wp-content\/uploads\/2013\/01\/heizung.png\" data-rel=\"lightbox-gallery-6vuNJ4O1\" data-rl_title=\"\" data-rl_caption=\"\" title=\"\"><img loading=\"lazy\" decoding=\"async\" src=\"https:\/\/hwn-heizung-sanitaer.de\/wp-content\/uploads\/2013\/01\/heizung.png\" alt=\"\" width=\"199\" height=\"350\" \/><\/a><\/td>\n<td style=\"padding: 5px; width: 45.17%;\">\n<h5>Heizung :<\/h5>\n<p>\u00d6l-und Gasfeuerung Brennwerttechnik<\/p>\n<p>Heizkesselerneuerung<\/p>\n<p>Solaranlagen<\/p>\n<p>W\u00e4rmepumpenanlagen<\/p>\n<p>Pelletkessel<\/p>\n<p>Fu\u00dfbodenheizung<\/p>\n<p>Wartungen<\/td>\n<\/tr>\n<\/tbody>\n<\/table>\n<p>&nbsp;<\/p>\n<hr \/>\n<p>&nbsp;<\/p>\n<table style=\"width: 100%; border-collapse: collapse;\">\n<tbody>\n<tr>\n<td><a href=\"https:\/\/hwn-heizung-sanitaer.de\/wp-content\/uploads\/2013\/01\/bitet-300x225.jpg\" rel=\"gallery-all\" data-rel=\"lightbox-gallery-6vuNJ4O1\" data-rl_title=\"\" data-rl_caption=\"\" title=\"\"><img loading=\"lazy\" decoding=\"async\" class=\"padding: 5px; alignnone\" src=\"https:\/\/hwn-heizung-sanitaer.de\/wp-content\/uploads\/2013\/01\/bitet-300x225.jpg\" alt=\"Sanit\u00e4r\" width=\"300\" height=\"225\" \/><\/a><\/td>\n<td style=\"padding: 5px; width: 46.03%;\">\n<h5>Sanit\u00e4r:<\/h5>\n<p>Trinkwasserversorgung<\/p>\n<p>Sanit\u00e4r-und Baderneuerung<\/p>\n<p>Badm\u00f6bel<\/p>\n<p>Gasversorgung<\/p>\n<p>Whirlpoolanlagen<\/p>\n<p>Abwasserentsorgung<\/td>\n<\/tr>\n<\/tbody>\n<\/table>\n<p>&nbsp;<\/p>\n<hr \/>\n<p>&nbsp;<\/p>\n","protected":false},"excerpt":{"rendered":"<p>BMK St\u00fcckholzkessel 30 KW Heizung : \u00d6l-und Gasfeuerung Brennwerttechnik Heizkesselerneuerung Solaranlagen W\u00e4rmepumpenanlagen Pelletkessel Fu\u00dfbodenheizung Wartungen &nbsp; &nbsp; Sanit\u00e4r: Trinkwasserversorgung Sanit\u00e4r-und Baderneuerung Badm\u00f6bel Gasversorgung Whirlpoolanlagen Abwasserentsorgung &nbsp; &nbsp;<\/p>\n","protected":false},"author":1,"featured_media":0,"parent":0,"menu_order":0,"comment_status":"closed","ping_status":"closed","template":"","meta":{"footnotes":""},"class_list":["post-39","page","type-page","status-publish","hentry"],"jetpack_sharing_enabled":true,"_links":{"self":[{"href":"https:\/\/hwn-heizung-sanitaer.de\/index.php\/wp-json\/wp\/v2\/pages\/39","targetHints":{"allow":["GET"]}}],"collection":[{"href":"https:\/\/hwn-heizung-sanitaer.de\/index.php\/wp-json\/wp\/v2\/pages"}],"about":[{"href":"https:\/\/hwn-heizung-sanitaer.de\/index.php\/wp-json\/wp\/v2\/types\/page"}],"author":[{"embeddable":true,"href":"https:\/\/hwn-heizung-sanitaer.de\/index.php\/wp-json\/wp\/v2\/users\/1"}],"replies":[{"embeddable":true,"href":"https:\/\/hwn-heizung-sanitaer.de\/index.php\/wp-json\/wp\/v2\/comments?post=39"}],"version-history":[{"count":16,"href":"https:\/\/hwn-heizung-sanitaer.de\/index.php\/wp-json\/wp\/v2\/pages\/39\/revisions"}],"predecessor-version":[{"id":222,"href":"https:\/\/hwn-heizung-sanitaer.de\/index.php\/wp-json\/wp\/v2\/pages\/39\/revisions\/222"}],"wp:attachment":[{"href":"https:\/\/hwn-heizung-sanitaer.de\/index.php\/wp-json\/wp\/v2\/media?parent=39"}],"curies":[{"name":"wp","href":"https:\/\/api.w.org\/{rel}","templated":true}]}}